{"id":1925,"date":"2023-10-24T16:02:15","date_gmt":"2023-10-24T14:02:15","guid":{"rendered":"https:\/\/reduzs.work\/?page_id=1925"},"modified":"2023-12-20T15:14:45","modified_gmt":"2023-12-20T14:14:45","slug":"vacatures","status":"publish","type":"page","link":"https:\/\/reduzs.work\/tr\/vacatures\/","title":{"rendered":"Bo\u015f \u0130\u015fler"},"content":{"rendered":"<p>[et_pb_section fb_built=&#8221;1&#8243; custom_padding_last_edited=&#8221;on|phone&#8221; disabled_on=&#8221;off|off|off&#8221; admin_label=&#8221;Achtergrond foto homepage&#8221; _builder_version=&#8221;4.23&#8243; _module_preset=&#8221;default&#8221; background_image=&#8221;https:\/\/reduzs.work\/wp-content\/uploads\/2023\/10\/werkgevers-reduzs-slider.jpg&#8221; min_height=&#8221;750px&#8221; min_height_tablet=&#8221;800px&#8221; min_height_phone=&#8221;&#8221; min_height_last_edited=&#8221;on|phone&#8221; height=&#8221;750px&#8221; height_tablet=&#8221;750px&#8221; height_phone=&#8221;&#8221; height_last_edited=&#8221;on|phone&#8221; max_height=&#8221;750px&#8221; max_height_tablet=&#8221;750px&#8221; max_height_phone=&#8221;&#8221; max_height_last_edited=&#8221;on|phone&#8221; custom_margin=&#8221;-340px||||false|false&#8221; custom_margin_tablet=&#8221;-340px||||false|false&#8221; custom_margin_phone=&#8221;0px||||false|false&#8221; custom_margin_last_edited=&#8221;on|phone&#8221; custom_padding=&#8221;||||false|false&#8221; custom_padding_tablet=&#8221;||||false|false&#8221; custom_padding_phone=&#8221;||||false|false&#8221; global_colors_info=&#8221;{}&#8221;][et_pb_row _builder_version=&#8221;4.21.0&#8243; _module_preset=&#8221;default&#8221; background_enable_color=&#8221;off&#8221; global_colors_info=&#8221;{}&#8221;][et_pb_column type=&#8221;4_4&#8243; admin_label=&#8221;Kolom&#8221; _builder_version=&#8221;4.21.0&#8243; _module_preset=&#8221;default&#8221; global_colors_info=&#8221;{}&#8221;][et_pb_text _builder_version=&#8221;4.22.2&#8243; _module_preset=&#8221;default&#8221; header_2_font=&#8221;Arbeit|700|||||||&#8221; header_2_text_align=&#8221;center&#8221; header_2_text_color=&#8221;#FFFFFF&#8221; header_2_font_size=&#8221;4vw&#8221; custom_margin=&#8221;||||false|false&#8221; custom_padding=&#8221;||||false|false&#8221; header_2_font_size_tablet=&#8221;4vw&#8221; header_2_font_size_phone=&#8221;24px&#8221; header_2_font_size_last_edited=&#8221;on|phone&#8221; global_colors_info=&#8221;{}&#8221;]<\/p>\n<h2>Werk met zin. Dat kan<br \/>\nbij jouw nieuwe baan.<\/h2>\n<p>[\/et_pb_text][\/et_pb_column][\/et_pb_row][\/et_pb_section][et_pb_section fb_built=&#8221;1&#8243; custom_padding_last_edited=&#8221;on|phone&#8221; _builder_version=&#8221;4.22.2&#8243; _module_preset=&#8221;default&#8221; background_color=&#8221;#f1f1f0&#8243; custom_margin=&#8221;||0px||false|false&#8221; custom_margin_tablet=&#8221;||0px||false|false&#8221; custom_margin_phone=&#8221;||auto||false|false&#8221; custom_margin_last_edited=&#8221;on|desktop&#8221; custom_padding=&#8221;||||false|false&#8221; custom_padding_tablet=&#8221;||||false|false&#8221; custom_padding_phone=&#8221;||||false|false&#8221; global_colors_info=&#8221;{}&#8221;][et_pb_row disabled_on=&#8221;on|off|off&#8221; _builder_version=&#8221;4.23&#8243; _module_preset=&#8221;default&#8221; background_color=&#8221;#FFFFFF&#8221; max_width=&#8221;1078px&#8221; max_width_tablet=&#8221;1078px&#8221; max_width_phone=&#8221;&#8221; max_width_last_edited=&#8221;on|phone&#8221; custom_margin=&#8221;-250px||0px||false|false&#8221; custom_margin_tablet=&#8221;-250px||0px||false|false&#8221; custom_margin_phone=&#8221;-300px||||false|false&#8221; custom_margin_last_edited=&#8221;on|phone&#8221; custom_padding=&#8221;|60px|0px|60px|false|false&#8221; global_colors_info=&#8221;{}&#8221;][et_pb_column type=&#8221;4_4&#8243; _builder_version=&#8221;4.21.0&#8243; _module_preset=&#8221;default&#8221; global_colors_info=&#8221;{}&#8221;][et_pb_text _builder_version=&#8221;4.22.2&#8243; _module_preset=&#8221;default&#8221; header_2_font=&#8221;Arbeit|700|||||||&#8221; header_2_text_color=&#8221;#000000&#8243; header_2_font_size=&#8221;36pt&#8221; custom_margin=&#8221;||0px||false|false&#8221; custom_margin_tablet=&#8221;||34px||false|false&#8221; custom_margin_phone=&#8221;||34px||false|false&#8221; custom_margin_last_edited=&#8221;on|desktop&#8221; custom_padding=&#8221;|0px|20px|0px|false|false&#8221; global_colors_info=&#8221;{}&#8221;]<\/p>\n<h2>Vacatures voor jou.<\/h2>\n<p>[\/et_pb_text][et_pb_divider color=&#8221;#ff9500&#8243; divider_weight=&#8221;6px&#8221; disabled_on=&#8221;on|off|off&#8221; _builder_version=&#8221;4.22.2&#8243; _module_preset=&#8221;default&#8221; custom_margin=&#8221;0px||0px||false|false&#8221; custom_padding=&#8221;0px||0px||true|false&#8221; global_colors_info=&#8221;{}&#8221;][\/et_pb_divider][et_pb_text _builder_version=&#8221;4.23.1&#8243; _module_preset=&#8221;default&#8221; custom_margin=&#8221;-15px||0px||false|false&#8221; custom_padding=&#8221;||25px||false|false&#8221; global_colors_info=&#8221;{}&#8221;]<\/p>\n<p>Ben je op zoek naar <span style=\"color: #ff9500;\">de perfecte baan? <\/span>Wil je een vaste baan of werk je liever op project basis? Wij helpen je graag met het vinden van jouw perfecte match. Reduzs heeft een groot aanbod aan vacatures voor zowel starters als ervaren vakmensen. Bekijk ons aanbod en solliciteer direct!<\/p>\n<p>[\/et_pb_text][\/et_pb_column][\/et_pb_row][et_pb_row use_custom_gutter=&#8221;on&#8221; custom_padding_last_edited=&#8221;on|phone&#8221; disabled_on=&#8221;off|on|on&#8221; _builder_version=&#8221;4.23&#8243; _module_preset=&#8221;default&#8221; background_color=&#8221;#FFFFFF&#8221; width=&#8221;100%&#8221; max_width=&#8221;1200px&#8221; max_width_tablet=&#8221;1200px&#8221; max_width_phone=&#8221;&#8221; max_width_last_edited=&#8221;on|phone&#8221; custom_margin=&#8221;-150px||0px||false|false&#8221; custom_margin_tablet=&#8221;-150px||0px||false|false&#8221; custom_margin_phone=&#8221;-50px||||false|false&#8221; custom_margin_last_edited=&#8221;on|phone&#8221; custom_padding=&#8221;0px|25px|0px|25px|false|false&#8221; custom_padding_tablet=&#8221;0px|45px|0px|45px|false|false&#8221; custom_padding_phone=&#8221;0px|45px|0px|45px|false|false&#8221; global_colors_info=&#8221;{}&#8221;][et_pb_column type=&#8221;4_4&#8243; _builder_version=&#8221;4.21.0&#8243; _module_preset=&#8221;default&#8221; global_colors_info=&#8221;{}&#8221;][et_pb_text disabled_on=&#8221;off|on|on&#8221; _builder_version=&#8221;4.22.2&#8243; _module_preset=&#8221;default&#8221; header_2_font=&#8221;Arbeit|700|||||||&#8221; header_2_text_color=&#8221;#000000&#8243; header_2_font_size=&#8221;36pt&#8221; custom_margin=&#8221;||0px||false|false&#8221; custom_margin_tablet=&#8221;||34px||false|false&#8221; custom_margin_phone=&#8221;||34px||false|false&#8221; custom_margin_last_edited=&#8221;on|phone&#8221; custom_padding=&#8221;20px|0px|0px|0px|false|false&#8221; hover_enabled=&#8221;0&#8243; global_colors_info=&#8221;{}&#8221; sticky_enabled=&#8221;0&#8243;]<\/p>\n<h2>Vacatures voor jou.<\/h2>\n<p>[\/et_pb_text][et_pb_divider color=&#8221;#ff9500&#8243; divider_weight=&#8221;6px&#8221; disabled_on=&#8221;off|on|on&#8221; _builder_version=&#8221;4.22.2&#8243; _module_preset=&#8221;default&#8221; custom_margin=&#8221;0px||0px||false|false&#8221; custom_padding=&#8221;0px||0px||true|false&#8221; global_colors_info=&#8221;{}&#8221;][\/et_pb_divider][et_pb_text _builder_version=&#8221;4.23.1&#8243; _module_preset=&#8221;default&#8221; custom_margin=&#8221;-15px||0px||false|false&#8221; custom_padding=&#8221;||25px||false|false&#8221; hover_enabled=&#8221;0&#8243; global_colors_info=&#8221;{}&#8221; sticky_enabled=&#8221;0&#8243;]<\/p>\n<p>Ben je op zoek naar <span style=\"color: #ff9500;\">de perfecte baan? <\/span>Wil je een vaste baan of werk je liever op project basis? Wij helpen je graag met het vinden van jouw perfecte match. Reduzs heeft een groot aanbod aan vacatures voor zowel starters als ervaren vakmensen. Bekijk ons aanbod en solliciteer direct!<\/p>\n<p>[\/et_pb_text][\/et_pb_column][\/et_pb_row][\/et_pb_section][et_pb_section fb_built=&#8221;1&#8243; disabled_on=&#8221;on|on|off&#8221; _builder_version=&#8221;4.22.2&#8243; _module_preset=&#8221;default&#8221; background_color=&#8221;#f1f1f0&#8243; custom_margin=&#8221;-45px||0px||false|false&#8221; custom_padding=&#8221;0px||0px||false|false&#8221; global_colors_info=&#8221;{}&#8221;][et_pb_row _builder_version=&#8221;4.22.2&#8243; _module_preset=&#8221;default&#8221; background_enable_color=&#8221;off&#8221; custom_margin=&#8221;0px||0px||false|false&#8221; custom_padding=&#8221;0px||0px||false|false&#8221; global_colors_info=&#8221;{}&#8221;][et_pb_column type=&#8221;4_4&#8243; _builder_version=&#8221;4.22.2&#8243; _module_preset=&#8221;default&#8221; background_enable_color=&#8221;off&#8221; global_colors_info=&#8221;{}&#8221;][sjbdivi_job_listing jobpost_listing_bg=&#8221;#f1f1f0&#8243; jobpost_search_bg=&#8221;#ff9500&#8243; search_box_border_radius=&#8221;45px&#8221; search_box_input_border_radius=&#8221;25px&#8221; jobpost_card_bg=&#8221;#FFFFFF&#8221; jobpost_box_border_radius=&#8221;45px&#8221; jobpost_pagination_radius=&#8221;0px&#8221; jobpost_icons_color=&#8221;#ff9500&#8243; get_number_of_posts=&#8221;5&#8243; _builder_version=&#8221;4.23.1&#8243; _module_preset=&#8221;default&#8221; jobpost_search_input_font=&#8221;|700|||||||&#8221; jobpost_search_input_text_color=&#8221;#FFFFFF&#8221; jobpost_main_heading_font=&#8221;|700|||||||&#8221; jobpost_main_heading_font_size=&#8221;19pt&#8221; jobpost_job_company_details_text_color=&#8221;#E09900&#8243; jobpost_job_desc_font=&#8221;Arbeit||||||||&#8221; jobpost_job_desc_text_color=&#8221;#000000&#8243; jobpost_job_desc_font_size=&#8221;14pt&#8221; hover_enabled=&#8221;0&#8243; custom_css_main_element=&#8221;#quick-apply-btn {display:none;}||\t.form-control {||\tbackground-color: #000;||}||.sjbdivi_job_listing_0 .sjb-filters .filters-form .form-control, ::placeholder {||    font-weight: 700!important;||||}||||.sjb-page .sjb-filters.sjb-filters-v2 select {||    -webkit-appearance: inherit;||    -moz-appearance: inherit;||    appearance: inherit;||\toutline: none;||    color: #FFFFFF;||    background: #000000 url(%22https:\/\/www.reduzs.work\/wp-content\/plugins\/simple-job-board\/public\/images\/select-arrow-white.png%22) no-repeat center right 10px;||}||\t||.sjb-page {||    background-color: #f1f1f0;||    color: #666;||    font-size: 14px;||    line-height: 1.42857143;||    margin: 0;||}||.sjb-page a {||    color: #ff9500;||    text-decoration: none;||}||||.sjb-page .btn-primary {||\tbackground-color: #000000;||\tborder-radius: 25px;||\tborder: 0px solid #FFF;||}||||.sjb-page .sjb-filters.sjb-filters-v2 .btn-search {||    border: 0;||    -webkit-border-radius: 0;||    -moz-border-radius: 0;||    border-radius: 25px;||    background: #000000 url(%22https:\/\/www.reduzs.work\/wp-content\/plugins\/simple-job-board\/public\/images\/search-solid.svg%22) no-repeat center 10px;||    background-size: 22px;||    font-weight: 600;||    font-size: 0px;||    height: 40px;||    margin-bottom: 35px;||    padding: 0;||    width: 100%;||    border: 1px solid #000;||    background-color: #FFF;||}||||.sjb-page .sjb-filters.sjb-filters-v2 .btn-search:hover,||.sjb-page .sjb-filters.sjb-filters-v2 .btn-search:focus {||    color: #000000;||    outline: none;||}||||.sjb-page .list-data .v2 {||    background: #fff;||    border: 0px solid #ccc;||    float: left;||    margin: 15px 0;||    width: 100%;||    padding-bottom: 15px;||}||||.sjb-page .sjb-filters.sjb-filters-v2 {||\tbackground-color: #f2f2f2;||\toverflow: hidden;||\tmargin-bottom: 15px;||}||.sjb-page .list-data .v2 .job-date {||\tdisplay:none;||}||||.sjb-page .list-data .v2 .job-type,||.sjb-page .list-data .v2 .job-location, {||    color: #3297fa;||    font-size: 14px;||    word-wrap: break-word;||}||.sjb-page .list-data .v2 .job-type i,||.sjb-page .list-data .v2 .job-location i, {||    color: #3b3a3c;||    margin-right: 5px;||}||.sjb-page .pagination {||    -webkit-border-radius: 0;||    -moz-border-radius: 0;||    border-radius: 15px;||    float: left;||    margin: 15px 0 0 0;||    padding: 0;||    width: 100%;||    box-shadow: none;||    position: relative;||    border: none;||}||||   .sjb-page .list-data .v2 .job-description-list { font-size: 18px;}&#8221; global_colors_info=&#8221;{}&#8221; sticky_enabled=&#8221;0&#8243;][\/sjbdivi_job_listing][\/et_pb_column][\/et_pb_row][et_pb_row _builder_version=&#8221;4.23&#8243; _module_preset=&#8221;default&#8221; global_colors_info=&#8221;{}&#8221;][et_pb_column type=&#8221;4_4&#8243; _builder_version=&#8221;4.23&#8243; _module_preset=&#8221;default&#8221; global_colors_info=&#8221;{}&#8221;][\/et_pb_column][\/et_pb_row][\/et_pb_section][et_pb_section fb_built=&#8221;1&#8243; disabled_on=&#8221;off|off|on&#8221; _builder_version=&#8221;4.23&#8243; _module_preset=&#8221;default&#8221; background_color=&#8221;#f1f1f0&#8243; custom_margin=&#8221;-45px||0px||false|false&#8221; custom_padding=&#8221;0px||0px||false|false&#8221; global_colors_info=&#8221;{}&#8221;][et_pb_row use_custom_gutter=&#8221;on&#8221; _builder_version=&#8221;4.23&#8243; _module_preset=&#8221;default&#8221; background_enable_color=&#8221;off&#8221; width=&#8221;90%&#8221; max_width=&#8221;90%&#8221; custom_margin=&#8221;0px||0px||false|false&#8221; custom_padding=&#8221;0px||0px||false|false&#8221; global_colors_info=&#8221;{}&#8221;][et_pb_column type=&#8221;4_4&#8243; _builder_version=&#8221;4.22.2&#8243; _module_preset=&#8221;default&#8221; background_enable_color=&#8221;off&#8221; global_colors_info=&#8221;{}&#8221;][sjbdivi_job_listing jobpost_listing_bg=&#8221;#f1f1f0&#8243; jobpost_search_bg=&#8221;#ff9500&#8243; search_box_border_radius=&#8221;45px&#8221; search_box_input_border_radius=&#8221;25px&#8221; jobpost_card_bg=&#8221;#FFFFFF&#8221; jobpost_box_border_radius=&#8221;45px&#8221; jobpost_pagination_radius=&#8221;0px&#8221; jobpost_icons_color=&#8221;#ff9500&#8243; get_number_of_posts=&#8221;5&#8243; _builder_version=&#8221;4.23.1&#8243; _module_preset=&#8221;default&#8221; jobpost_search_input_font=&#8221;|700|||||||&#8221; jobpost_search_input_text_color=&#8221;#FFFFFF&#8221; jobpost_main_heading_font=&#8221;|700|||||||&#8221; jobpost_main_heading_font_size=&#8221;19pt&#8221; jobpost_job_company_details_text_color=&#8221;#E09900&#8243; jobpost_job_desc_font=&#8221;Arbeit||||||||&#8221; jobpost_job_desc_text_color=&#8221;#000000&#8243; jobpost_job_desc_font_size=&#8221;14pt&#8221; hover_enabled=&#8221;0&#8243; custom_css_main_element=&#8221;#quick-apply-btn {display:none;}||\t.form-control {||\tbackground-color: #000;||}||.sjbdivi_job_listing_0 .sjb-filters .filters-form .form-control, ::placeholder {||    font-weight: 700!important;||||}||||.sjb-page .sjb-filters.sjb-filters-v2 select {||    -webkit-appearance: inherit;||    -moz-appearance: inherit;||    appearance: inherit;||\toutline: none;||    color: #FFFFFF;||    background: #000000 url(%22https:\/\/www.reduzs.work\/wp-content\/plugins\/simple-job-board\/public\/images\/select-arrow-white.png%22) no-repeat center right 10px;||}||\t||.sjb-page {||    background-color: #f1f1f0;||    color: #666;||    font-size: 14px;||    line-height: 1.42857143;||    margin: 0;||}||.sjb-page a {||    color: #ff9500;||    text-decoration: none;||}||||.sjb-page .btn-primary {||\tbackground-color: #000000;||\tborder-radius: 25px;||\tborder: 0px solid #FFF;||}||||.sjb-page .sjb-filters.sjb-filters-v2 .btn-search {||    border: 0;||    -webkit-border-radius: 0;||    -moz-border-radius: 0;||    border-radius: 25px;||    background: #000000 url(%22https:\/\/www.reduzs.work\/wp-content\/plugins\/simple-job-board\/public\/images\/search-solid.svg%22) no-repeat center 10px;||    background-size: 22px;||    font-weight: 600;||    font-size: 0px;||    height: 40px;||    margin-bottom: 35px;||    padding: 0;||    width: 100%;||    border: 1px solid #000;||    background-color: #FFF;||}||||.sjb-page .sjb-filters.sjb-filters-v2 .btn-search:hover,||.sjb-page .sjb-filters.sjb-filters-v2 .btn-search:focus {||    color: #000000;||    outline: none;||}||||.sjb-page .list-data .v2 {||    background: #fff;||    border: 0px solid #ccc;||    float: left;||    margin: 15px 0;||    width: 100%;||    padding-bottom: 15px;||}||||.sjb-page .sjb-filters.sjb-filters-v2 {||\tbackground-color: #f2f2f2;||\toverflow: hidden;||\tmargin-bottom: 15px;||}||.sjb-page .list-data .v2 .job-date {||\tdisplay:none;||}||||.sjb-page .list-data .v2 .job-type,||.sjb-page .list-data .v2 .job-location, {||    color: #3297fa;||    font-size: 14px;||    word-wrap: break-word;||}||.sjb-page .list-data .v2 .job-type i,||.sjb-page .list-data .v2 .job-location i, {||    color: #3b3a3c;||    margin-right: 5px;||}||.sjb-page .pagination {||    -webkit-border-radius: 0;||    -moz-border-radius: 0;||    border-radius: 15px;||    float: left;||    margin: 15px 0 0 0;||    padding: 0;||    width: 100%;||    box-shadow: none;||    position: relative;||    border: none;||}||||   .sjb-page .list-data .v2 .job-description-list { font-size: 18px;}&#8221; global_colors_info=&#8221;{}&#8221; sticky_enabled=&#8221;0&#8243;][\/sjbdivi_job_listing][\/et_pb_column][\/et_pb_row][et_pb_row _builder_version=&#8221;4.23&#8243; _module_preset=&#8221;default&#8221; global_colors_info=&#8221;{}&#8221;][et_pb_column type=&#8221;4_4&#8243; _builder_version=&#8221;4.23&#8243; _module_preset=&#8221;default&#8221; global_colors_info=&#8221;{}&#8221;][\/et_pb_column][\/et_pb_row][\/et_pb_section]<\/p>\n","protected":false},"excerpt":{"rendered":"<p>Werk met zin. Dat kan bij jouw nieuwe baan.Vacatures voor jou.Ben je op zoek naar de perfecte baan? Wil je een vaste baan of werk je liever op project basis? Wij helpen je graag met het vinden van jouw perfecte match. Reduzs heeft een groot aanbod aan vacatures voor zowel starters als ervaren vakmensen. Bekijk [&hellip;]<\/p>\n","protected":false},"author":1,"featured_media":0,"parent":0,"menu_order":0,"comment_status":"closed","ping_status":"closed","template":"","meta":{"_et_pb_use_builder":"on","_et_pb_old_content":"<!-- wp:paragraph -->\r\n<p>This is an example page. It's different from a blog post because it will stay in one place and will show up in your site navigation (in most themes). Most people start with an About page that introduces them to potential site visitors. It might say something like this:<\/p>\r\n<!-- \/wp:paragraph -->\r\n\r\n<!-- wp:quote -->\r\n<blockquote class=\"wp-block-quote\"><!-- wp:paragraph -->\r\n<p>Hi there! I'm a bike messenger by day, aspiring actor by night, and this is my website. I live in Los Angeles, have a great dog named Jack, and I like pi\u00f1a coladas. (And gettin' caught in the rain.)<\/p>\r\n<!-- \/wp:paragraph --><\/blockquote>\r\n<!-- \/wp:quote -->\r\n\r\n<!-- wp:paragraph -->\r\n<p>...or something like this:<\/p>\r\n<!-- \/wp:paragraph -->\r\n\r\n<!-- wp:quote -->\r\n<blockquote class=\"wp-block-quote\"><!-- wp:paragraph -->\r\n<p>The XYZ Doohickey Company was founded in 1971, and has been providing quality doohickeys to the public ever since. Located in Gotham City, XYZ employs over 2,000 people and does all kinds of awesome things for the Gotham community.<\/p>\r\n<!-- \/wp:paragraph --><\/blockquote>\r\n<!-- \/wp:quote -->\r\n\r\n<!-- wp:paragraph -->\r\n<p>As a new WordPress user, you should go to <a href=\"https:\/\/reduzs.work\/wp-admin\/\">your dashboard<\/a> to delete this page and create new pages for your content. Have fun!<\/p>\r\n<!-- \/wp:paragraph -->","_et_gb_content_width":"","om_disable_all_campaigns":false,"inline_featured_image":false,"_monsterinsights_skip_tracking":false,"_monsterinsights_sitenote_active":false,"_monsterinsights_sitenote_note":"","_monsterinsights_sitenote_category":0,"_uf_show_specific_survey":0,"_uf_disable_surveys":false,"footnotes":""},"class_list":["post-1925","page","type-page","status-publish","hentry"],"aioseo_notices":[],"_links":{"self":[{"href":"https:\/\/reduzs.work\/tr\/wp-json\/wp\/v2\/pages\/1925","targetHints":{"allow":["GET"]}}],"collection":[{"href":"https:\/\/reduzs.work\/tr\/wp-json\/wp\/v2\/pages"}],"about":[{"href":"https:\/\/reduzs.work\/tr\/wp-json\/wp\/v2\/types\/page"}],"author":[{"embeddable":true,"href":"https:\/\/reduzs.work\/tr\/wp-json\/wp\/v2\/users\/1"}],"replies":[{"embeddable":true,"href":"https:\/\/reduzs.work\/tr\/wp-json\/wp\/v2\/comments?post=1925"}],"version-history":[{"count":133,"href":"https:\/\/reduzs.work\/tr\/wp-json\/wp\/v2\/pages\/1925\/revisions"}],"predecessor-version":[{"id":2625,"href":"https:\/\/reduzs.work\/tr\/wp-json\/wp\/v2\/pages\/1925\/revisions\/2625"}],"wp:attachment":[{"href":"https:\/\/reduzs.work\/tr\/wp-json\/wp\/v2\/media?parent=1925"}],"curies":[{"name":"wp","href":"https:\/\/api.w.org\/{rel}","templated":true}]}}